{"id":503,"date":"2026-04-01T16:01:09","date_gmt":"2026-04-01T14:01:09","guid":{"rendered":"https:\/\/grouille.promeo-capnumerique.fr\/?page_id=503"},"modified":"2026-04-01T16:01:09","modified_gmt":"2026-04-01T14:01:09","slug":"ppe-1-2","status":"publish","type":"page","link":"https:\/\/grouille.promeo-capnumerique.fr\/?page_id=503","title":{"rendered":"PPE 1"},"content":{"rendered":"\n<p>Le projet personnalis\u00e9 encadr\u00e9 (PPE) est une\u00a0<strong>modalit\u00e9 d\u2019enseignement et de formation poss\u00e9dant une coh\u00e9rence th\u00e9matique ancr\u00e9e dans la pratique professionnelle<\/strong>.<\/p>\n\n\n\n<p><\/p>\n\n\n\n<div data-wp-interactive=\"core\/file\" class=\"wp-block-file\"><object data-wp-bind--hidden=\"!state.hasPdfPreview\" hidden class=\"wp-block-file__embed\" data=\"https:\/\/grouille.promeo-capnumerique.fr\/wp-content\/uploads\/2026\/04\/PPE-1.docx.pdf\" type=\"application\/pdf\" style=\"width:100%;height:790px\" aria-label=\"Contenu embarqu\u00e9 PPE 1.docx.\"><\/object><a id=\"wp-block-file--media-7f31bb8e-e8a3-4df2-97ed-da5e65870bec\" href=\"https:\/\/grouille.promeo-capnumerique.fr\/wp-content\/uploads\/2026\/04\/PPE-1.docx.pdf\">PPE 1.docx<\/a><a href=\"https:\/\/grouille.promeo-capnumerique.fr\/wp-content\/uploads\/2026\/04\/PPE-1.docx.pdf\" class=\"wp-block-file__button wp-element-button\" download aria-describedby=\"wp-block-file--media-7f31bb8e-e8a3-4df2-97ed-da5e65870bec\">T\u00e9l\u00e9charger<\/a><\/div>\n","protected":false},"excerpt":{"rendered":"<p>Le projet personnalis\u00e9 encadr\u00e9 (PPE) est une\u00a0modalit\u00e9 d\u2019enseignement et de formation poss\u00e9dant une [&hellip;]<\/p>\n","protected":false},"author":2,"featured_media":0,"parent":0,"menu_order":0,"comment_status":"closed","ping_status":"closed","template":"","meta":{"saved_in_kubio":false,"footnotes":""},"class_list":["post-503","page","type-page","status-publish","hentry"],"kubio_ai_page_context":{"short_desc":"","purpose":"general"},"_links":{"self":[{"href":"https:\/\/grouille.promeo-capnumerique.fr\/index.php?rest_route=\/wp\/v2\/pages\/503","targetHints":{"allow":["GET"]}}],"collection":[{"href":"https:\/\/grouille.promeo-capnumerique.fr\/index.php?rest_route=\/wp\/v2\/pages"}],"about":[{"href":"https:\/\/grouille.promeo-capnumerique.fr\/index.php?rest_route=\/wp\/v2\/types\/page"}],"author":[{"embeddable":true,"href":"https:\/\/grouille.promeo-capnumerique.fr\/index.php?rest_route=\/wp\/v2\/users\/2"}],"replies":[{"embeddable":true,"href":"https:\/\/grouille.promeo-capnumerique.fr\/index.php?rest_route=%2Fwp%2Fv2%2Fcomments&post=503"}],"version-history":[{"count":1,"href":"https:\/\/grouille.promeo-capnumerique.fr\/index.php?rest_route=\/wp\/v2\/pages\/503\/revisions"}],"predecessor-version":[{"id":507,"href":"https:\/\/grouille.promeo-capnumerique.fr\/index.php?rest_route=\/wp\/v2\/pages\/503\/revisions\/507"}],"wp:attachment":[{"href":"https:\/\/grouille.promeo-capnumerique.fr\/index.php?rest_route=%2Fwp%2Fv2%2Fmedia&parent=503"}],"curies":[{"name":"wp","href":"https:\/\/api.w.org\/{rel}","templated":true}]}}